{"id":1140,"date":"2026-02-08T16:11:19","date_gmt":"2026-02-08T15:11:19","guid":{"rendered":"https:\/\/pasquino.art\/?page_id=1140"},"modified":"2026-04-04T13:12:27","modified_gmt":"2026-04-04T11:12:27","slug":"venue","status":"publish","type":"page","link":"https:\/\/pasquino.art\/it\/venue\/","title":{"rendered":"Lo spazio"},"content":{"rendered":"<div class=\"wp-block-stackable-columns alignfull stk-block-columns stk-block stk-74e2c75 stk-block-background stk--has-background-overlay\" data-block-id=\"74e2c75\"><style>.stk-74e2c75 {background-image:url(https:\/\/pasquino.art\/wp-content\/uploads\/2026\/02\/venue-top.png) !important;min-height:400px !important;align-items:center !important;padding-top:var(--stk--preset--spacing--70, 3.38rem) !important;padding-right:var(--stk--preset--spacing--70, 3.38rem) !important;padding-bottom:var(--stk--preset--spacing--70, 3.38rem) !important;padding-left:var(--stk--preset--spacing--70, 3.38rem) !important;margin-bottom:0px !important;display:flex !important;top:-31px !important;}.stk-74e2c75:before{background-color:#000000 !important;opacity:0.2 !important;}<\/style><div class=\"stk-row stk-inner-blocks stk-block-content stk-content-align stk-74e2c75-column alignwide\">\n<div class=\"wp-block-stackable-column stk-block-column stk-column stk-block stk-d04bafd\" data-v=\"4\" data-block-id=\"d04bafd\"><div class=\"stk-column-wrapper stk-block-column__content stk-container stk-d04bafd-container stk--no-background stk--no-padding\"><div class=\"stk-block-content stk-inner-blocks stk-d04bafd-inner-blocks\">\n<div class=\"wp-block-stackable-heading stk-block-heading stk-block-heading--v2 stk-block stk-8567131\" id=\"heading-placeholder\" data-block-id=\"8567131\"><style>.stk-8567131 .stk-block-heading__text{font-size:var(--stk--preset--font-size--x-large, 50px) !important;color:#ffffff !important;}@media screen and (max-width:999px){.stk-8567131 .stk-block-heading__text{font-size:var(--stk--preset--font-size--x-large, 50px) !important;}}<\/style><h1 class=\"stk-block-heading__text has-text-color has-text-align-center\">Dove la storia incontra la cultura contemporanea<\/h1><\/div>\n<\/div><\/div><\/div>\n<\/div><\/div>\n\n\n\n\n\n<!-- A SECOND LIFE--\n\n<!-- A Second Life -->\n<section class=\"venue-space venue-space-left venue-space-dark1\">\n  <div class=\"venue-space-container\">\n    <div class=\"venue-space-image\">\n      <img decoding=\"async\" src=\"https:\/\/pasquino.art\/wp-content\/uploads\/2026\/02\/DSCF1750b-1.jpg\" alt=\"A Second Life\">\n    <\/div>\n    <div class=\"venue-space-content\">\n      <h2 class=\"venue-space-title\">Una seconda vita<\/h2>\n      <p class=\"venue-space-description\">Per decenni, il Pasquino \u00e8 stato il cinema di Trastevere \u2014 l\u2019unico luogo a Roma dove vedere film in lingua originale. Poi, per trent\u2019anni, \u00e8 rimasto in silenzio: chiuso, dimenticato, lasciato al tempo. Oggi, dopo un attento restauro che ne ha preservato le mura iconiche, l\u2019atmosfera e il leggendario tetto retrattile \u2014 ora rinato in vetro \u2014 il Pasquino torna a vivere. Non solo come cinema, ma come qualcosa che Roma non ha mai visto prima.\n<\/p>\n    <\/div>\n  <\/div>\n<\/section>\n\n<!-- History has a Seat -->\n<section class=\"venue-space venue-space-right venue-space-dark2\">\n  <div class=\"venue-space-container\">\n    <div class=\"venue-space-content\">\n      <h2 class=\"venue-space-title\">La storia prende posto<\/h2>\n      <p class=\"venue-space-description\">L\u2019anima del Pasquino risiede nell\u2019equilibrio tra intimit\u00e0 e convivialit\u00e0. La sala \u00e8 arredata con eleganti sedute in legno e tessuto, recuperate da un teatro destinato alla demolizione \u2014 frammenti di storia a cui \u00e8 stata data una seconda vita. Ma questo non \u00e8 un cinema come gli altri: puoi guardare un film da una poltrona d\u2019epoca con un calice di vino, oppure accomodarti a un tavolo e lasciar scorrere la serata al tuo ritmo. Due mondi, un unico spazio \u2014 la scelta \u00e8 tua.\n<\/p>\n    <\/div>\n    <div class=\"venue-space-image\">\n      <img decoding=\"async\" src=\"https:\/\/pasquino.art\/wp-content\/uploads\/2026\/02\/seat.jpg\" alt=\"History has a Seat\">\n    <\/div>\n  <\/div>\n<\/section>\n\n<!-- ACCESSIBILITY-->\n<section class=\"venue-space venue-space-left venue-space-dark1\">\n  <div class=\"venue-space-container\">\n    <div class=\"venue-space-image\">\n      <img decoding=\"async\" src=\"https:\/\/pasquino.art\/wp-content\/uploads\/2026\/02\/hPTIC.jpg\" alt=\"Accessibility\">\n    <\/div>\n    <div class=\"venue-space-content\">\n      <h2 class=\"venue-space-title\">Accessibilit\u00e0<\/h2>\n      <p class=\"venue-space-description\">Al Pasquino, accessibilit\u00e0 significa accogliere il mondo e tutte le persone che ne fanno parte. Proiezioni in lingua originale, sottotitoli e traduzione in tempo reale rendono ogni esperienza aperta a un pubblico internazionale. Lo spazio \u00e8 accessibile a livello strada e tutte le proiezioni sono sottotitolate. I gilet aptici permettono anche alle persone non udenti di vivere cinema e musica dal vivo attraverso tatto e vibrazioni \u2014 perch\u00e9 la cultura non dovrebbe lasciare indietro nessuno.\n<\/p>\n\n    <\/div>\n\n  <\/div>\n<\/section>\n\n<!-- Flexible Cultural Space -->\n<section class=\"venue-space venue-space-fullwidth venue-space-dark1\">\n  <div class=\"venue-space-fullwidth-container\">\n    <div class=\"venue-space-fullwidth-image\">\n      <img decoding=\"async\" src=\"https:\/\/pasquino.art\/wp-content\/uploads\/2026\/02\/home-r2.jpg\" alt=\"Flexible Cultural Space\">\n    <\/div>\n    <div class=\"venue-space-fullwidth-content\">\n      <h2 class=\"venue-space-title\">Spazio culturale flessibile<\/h2>\n      <p class=\"venue-space-description\">Pasquino si adatta a proiezioni, incontri, musica dal vivo, eventi privati ed esperienze interdisciplinari \u2014 mantenendo una dimensione intima e offrendo al tempo stesso grande flessibilit\u00e0 creativa.<\/p>\n    <\/div>\n  <\/div>\n<\/section>\n\n<!-- Host Your Event CTA -->\n<section class=\"venue-cta\">\n  <div class=\"venue-cta-container\">\n    <h2 class=\"venue-cta-title\">Realizza il tuo evento al Pasquino<\/h2>\n    <p class=\"venue-cta-description\">Cerchi uno spazio distintivo a Roma? Scopri come il Pasquino pu\u00f2 ospitare il tuo prossimo evento culturale o privato.<\/p>\n    <a href=\"\/it\/contact\/\" class=\"venue-cta-button\">Progetta il tuo evento<\/a>\n  <\/div>\n<\/section>\n\n<style>\n\/* VENUE PAGE STYLES *\/\n\n.venue-space {\n  padding: 100px 20px;\n  position: relative;\n  overflow: hidden;\n}\n\n\/* Alternating dark backgrounds *\/\n.venue-space-dark1 {\n  background: #1a1a1a;\n}\n\n.venue-space-dark2 {\n  background: #0d0d0d;\n}\n\n.venue-space-container {\n  max-width: 1200px;\n  margin: 0 auto;\n  display: grid;\n  grid-template-columns: 1fr 1fr;\n  gap: 80px;\n  align-items: center;\n}\n\n.venue-space-left .venue-space-image {\n  order: 1;\n}\n\n.venue-space-left .venue-space-content {\n  order: 2;\n}\n\n.venue-space-right .venue-space-image {\n  order: 2;\n}\n\n.venue-space-right .venue-space-content {\n  order: 1;\n}\n\n.venue-space-image {\n  position: relative;\n}\n\n.venue-space-image img {\n  width: 100%;\n  height: auto;\n  display: block;\n  border-radius: 4px;\n  border: 3px solid var(--theme-palette-color-1, #d4af37);\n  box-shadow: 0 8px 24px rgba(212, 175, 55, 0.15);\n  transition: all 0.3s ease;\n}\n\n.venue-space-image img:hover {\n  box-shadow: 0 12px 32px rgba(212, 175, 55, 0.25);\n  transform: translateY(-4px);\n}\n\n.venue-space-content {\n  padding: 40px;\n}\n\n.venue-space-title {\n  font-size: clamp(2rem, 4vw, 3rem);\n  font-weight: 700;\n  color: #ffffff;\n  margin: 0 0 24px 0;\n  text-transform: none;\n  letter-spacing: 0.05em;\n  position: relative;\n  display: inline-block;\n  font-family: inherit;\n}\n\n.venue-space-description {\n  font-size: clamp(1.125rem, 2vw, 1.25rem);\n  color: rgba(255, 255, 255, 0.75);\n  line-height: 1.8;\n  margin: 0;\n  font-weight: 300;\n  font-family: inherit;\n}\n\n.venue-space-fullwidth {\n  padding: 100px 0;\n}\n\n.venue-space-fullwidth-container {\n  max-width: 1400px;\n  margin: 0 auto;\n  padding: 0 20px;\n}\n\n.venue-space-fullwidth-image {\n  margin-bottom: 60px;\n}\n\n.venue-space-fullwidth-image img {\n  width: 100%;\n  height: auto;\n  display: block;\n  border-radius: 4px;\n  border: 3px solid var(--theme-palette-color-1, #d4af37);\n  box-shadow: 0 8px 24px rgba(212, 175, 55, 0.15);\n  transition: all 0.3s ease;\n}\n\n.venue-space-fullwidth-image img:hover {\n  box-shadow: 0 12px 32px rgba(212, 175, 55, 0.25);\n  transform: translateY(-4px);\n}\n\n.venue-space-fullwidth-content {\n  text-align: center;\n  max-width: 800px;\n  margin: 0 auto;\n  padding: 0 40px;\n}\n\n.venue-cta {\n  padding: 120px 20px;\n  background: linear-gradient(180deg, #1a1814 0%, #0f0f0d 100%);\n  text-align: center;\n  position: relative;\n  overflow: hidden;\n  border: 1px solid rgba(212, 175, 55, 0.15);\n}\n\n.venue-cta::before {\n  content: '';\n  position: absolute;\n  top: 50%;\n  left: 50%;\n  transform: translate(-50%, -50%);\n  width: 600px;\n  height: 600px;\n  background: radial-gradient(circle, rgba(212, 175, 55, 0.1) 0%, transparent 70%);\n  pointer-events: none;\n}\n\n.venue-cta-container {\n  max-width: 700px;\n  margin: 0 auto;\n  position: relative;\n  z-index: 1;\n}\n\n.venue-cta-title {\n  font-size: clamp(2rem, 5vw, 3rem);\n  font-weight: 700;\n  color: #ffffff;\n  margin: 0 0 24px 0;\n  text-transform: uppercase;\n  letter-spacing: 0.05em;\n  font-family: inherit;\n}\n\n.venue-cta-description {\n  font-size: clamp(1rem, 2.5vw, 1.25rem);\n  color: rgba(255, 255, 255, 0.7);\n  margin: 0 0 40px 0;\n  line-height: 1.6;\n  font-weight: 300;\n  font-family: inherit;\n}\n\n.venue-cta-button {\n  display: inline-block;\n  padding: 18px 48px;\n  background: #ff6b35;\n  color: #ffffff;\n  font-size: 1rem;\n  font-weight: 600;\n  text-transform: uppercase;\n  letter-spacing: 0.1em;\n  border-radius: 4px;\n  text-decoration: none;\n  transition: all 0.3s ease;\n  box-shadow: 0 4px 20px rgba(255, 107, 53, 0.3);\n  font-family: inherit;\n}\n\n.venue-cta-button:hover {\n  background: #ff8659;\n  transform: translateY(-2px);\n  box-shadow: 0 6px 30px rgba(255, 107, 53, 0.5);\n}\n\n@media (max-width: 968px) {\n  .venue-space-container {\n    grid-template-columns: 1fr;\n    gap: 40px;\n  }\n  \n  .venue-space-left .venue-space-image,\n  .venue-space-left .venue-space-content,\n  .venue-space-right .venue-space-image,\n  .venue-space-right .venue-space-content {\n    order: unset;\n  }\n  \n  .venue-space {\n    padding: 60px 20px;\n  }\n  \n  .venue-space-content {\n    padding: 0;\n  }\n  \n  .venue-space-fullwidth {\n    padding: 60px 0;\n  }\n  \n  .venue-space-fullwidth-image {\n    margin-bottom: 40px;\n  }\n  \n  .venue-space-fullwidth-content {\n    padding: 0 20px;\n  }\n  \n  .venue-cta {\n    padding: 80px 20px;\n  }\n}\n\n@media (max-width: 640px) {\n  .venue-space {\n    padding: 40px 20px;\n  }\n  \n  .venue-space-fullwidth {\n    padding: 40px 0;\n  }\n  \n  .venue-cta-button {\n    padding: 16px 36px;\n    font-size: 0.9rem;\n  }\n}\n<\/style>\n\n\n\n<div class=\"wp-block-group has-background is-layout-constrained wp-container-core-group-is-layout-c5242090 wp-block-group-is-layout-constrained\" style=\"background-color:#0d0d0d;margin-bottom:0px;padding-top:80px;padding-right:40px;padding-bottom:80px;padding-left:40px\">\n<blockquote class=\"wp-block-quote has-text-align-center is-style-default is-layout-flow wp-block-quote-is-layout-flow\">\n<p class=\"has-text-align-center has-large-font-size\">Due mondi, un unico spazio<br>Accessibilit\u00e0 by design<\/p>\n<\/blockquote>\n\n\n\n<div style=\"height:40px\" aria-hidden=\"true\" class=\"wp-block-spacer\"><\/div>\n<\/div>\n\n\n\n<p><\/p>\n\n\n\n<!DOCTYPE html>\n<html lang=\"en\">\n<head>\n<meta charset=\"UTF-8\">\n<meta name=\"viewport\" content=\"width=device-width, initial-scale=1.0\">\n<title>Partner Logos<\/title>\n<style>\n  body { margin: 0; background: #111; }\n\n  .partner-logos {\n    background: #000;\n    padding: 80px 20px;\n    font-family: 'Georgia', serif;\n  }\n\n  .partner-logos__inner {\n    max-width: 860px;\n    margin: 0 auto;\n    text-align: center;\n  }\n\n  \/* Title with ornamental lines *\/\n  .partner-logos__title {\n    display: flex;\n    align-items: center;\n    justify-content: center;\n    gap: 20px;\n    margin-bottom: 56px;\n  }\n\n  .partner-logos__title-line {\n    flex: 1;\n    max-width: 180px;\n    height: 1px;\n    background: linear-gradient(to var(--dir, right), transparent, rgba(201,169,98,0.6));\n  }\n  .partner-logos__title-line:last-child {\n    --dir: left;\n  }\n\n  .partner-logos__title h3 {\n    color: #c9a962;\n    letter-spacing: 4px;\n    font-weight: 400;\n    font-size: 28px;\n    text-transform: uppercase;\n    margin: 0;\n    white-space: nowrap;\n  }\n\n  \/* Logo grid \u2014 each logo in its own cell, all equal-height *\/\n  .partner-logos__grid {\n    display: grid;\n    grid-template-columns: repeat(3, 1fr);\n    align-items: center;\n    gap: 0;\n  }\n\n  .partner-logos__item {\n    display: flex;\n    align-items: center;\n    justify-content: center;\n    padding: 28px 36px;\n    position: relative;\n  }\n\n  \/* Vertical dividers between items *\/\n  .partner-logos__item:not(:last-child)::after {\n    content: '';\n    position: absolute;\n    right: 0;\n    top: 20%;\n    height: 60%;\n    width: 1px;\n    background: rgba(201,169,98,0.2);\n  }\n\n  .partner-logos__item img {\n    max-height: 60px;\n    max-width: 100%;\n    width: auto;\n    object-fit: contain;\n    opacity: 0.85;\n    filter: brightness(1.05);\n    transition: opacity 0.3s ease, transform 0.3s ease;\n  }\n\n  .partner-logos__item:hover img {\n    opacity: 1;\n    transform: scale(1.06);\n  }\n\n  \/* Optional subtle border around the whole grid *\/\n  .partner-logos__grid-wrap {\n    border: 1px solid rgba(201,169,98,0.15);\n    border-radius: 2px;\n  }\n\n  @media (max-width: 560px) {\n    .partner-logos__grid {\n      grid-template-columns: 1fr;\n    }\n    .partner-logos__item:not(:last-child)::after {\n      right: 20%;\n      top: auto;\n      bottom: 0;\n      width: 60%;\n      height: 1px;\n      left: 20%;\n    }\n  }\n<\/style>\n<\/head>\n<body>\n\n<div class=\"partner-logos\">\n  <div class=\"partner-logos__inner\">\n\n    <div class=\"partner-logos__title\">\n      <div class=\"partner-logos__title-line\"><\/div>\n      <h3>Partner<\/h3>\n      <div class=\"partner-logos__title-line\"><\/div>\n    <\/div>\n\n    <div class=\"partner-logos__grid-wrap\">\n      <div class=\"partner-logos__grid\">\n        <div class=\"partner-logos__item\">\n          <img decoding=\"async\" src=\"https:\/\/pasquino.art\/wp-content\/uploads\/2026\/03\/Zingali_marchio-150x150.png\" alt=\"Zingali\">\n        <\/div>\n        <div class=\"partner-logos__item\">\n          <img decoding=\"async\" src=\"https:\/\/pasquino.art\/wp-content\/uploads\/2026\/03\/VersionePOSITIVA_LogoANAC-300x119.png\" alt=\"ANAC\">\n        <\/div>\n        <div class=\"partner-logos__item\">\n          <img decoding=\"async\" src=\"https:\/\/pasquino.art\/wp-content\/uploads\/2026\/03\/Logo_LPM_pixel_100_W-1-300x157.png\" alt=\"LPM\">\n        <\/div>\n      <\/div>\n    <\/div>\n\n  <\/div>\n<\/div>\n\n<\/body>\n<\/html>","protected":false},"excerpt":{"rendered":"<p>Where History Meets Contemporary Culture For decades, the Pasquino was Trastevere&#8217;s cinema \u2014 the only place in Rome where you could watch films in their original language. Then, for thirty [&hellip;]<\/p>\n","protected":false},"author":1,"featured_media":0,"parent":0,"menu_order":0,"comment_status":"closed","ping_status":"closed","template":"","meta":{"_EventAllDay":false,"_EventTimezone":"","_EventStartDate":"","_EventEndDate":"","_EventStartDateUTC":"","_EventEndDateUTC":"","_EventShowMap":false,"_EventShowMapLink":false,"_EventURL":"","_EventCost":"","_EventCostDescription":"","_EventCurrencySymbol":"","_EventCurrencyCode":"","_EventCurrencyPosition":"","_EventDateTimeSeparator":"","_EventTimeRangeSeparator":"","_EventOrganizerID":[],"_EventVenueID":[],"_OrganizerEmail":"","_OrganizerPhone":"","_OrganizerWebsite":"","_VenueAddress":"","_VenueCity":"","_VenueCountry":"","_VenueProvince":"","_VenueState":"","_VenueZip":"","_VenuePhone":"","_VenueURL":"","_VenueStateProvince":"","_VenueLat":"","_VenueLng":"","_VenueShowMap":false,"_VenueShowMapLink":false,"footnotes":""},"class_list":["post-1140","page","type-page","status-publish","hentry"],"blocksy_meta":{"vertical_spacing_source":"custom","content_area_spacing":"both","styles_descriptor":{"styles":{"desktop":"","tablet":"","mobile":""},"google_fonts":[],"version":6}},"_hostinger_reach_plugin_has_subscription_block":false,"_hostinger_reach_plugin_is_elementor":false,"_links":{"self":[{"href":"https:\/\/pasquino.art\/it\/wp-json\/wp\/v2\/pages\/1140","targetHints":{"allow":["GET"]}}],"collection":[{"href":"https:\/\/pasquino.art\/it\/wp-json\/wp\/v2\/pages"}],"about":[{"href":"https:\/\/pasquino.art\/it\/wp-json\/wp\/v2\/types\/page"}],"author":[{"embeddable":true,"href":"https:\/\/pasquino.art\/it\/wp-json\/wp\/v2\/users\/1"}],"replies":[{"embeddable":true,"href":"https:\/\/pasquino.art\/it\/wp-json\/wp\/v2\/comments?post=1140"}],"version-history":[{"count":80,"href":"https:\/\/pasquino.art\/it\/wp-json\/wp\/v2\/pages\/1140\/revisions"}],"predecessor-version":[{"id":2479,"href":"https:\/\/pasquino.art\/it\/wp-json\/wp\/v2\/pages\/1140\/revisions\/2479"}],"wp:attachment":[{"href":"https:\/\/pasquino.art\/it\/wp-json\/wp\/v2\/media?parent=1140"}],"curies":[{"name":"wp","href":"https:\/\/api.w.org\/{rel}","templated":true}]}}